{"id":9,"date":"2024-12-19T15:11:21","date_gmt":"2024-12-19T15:11:21","guid":{"rendered":"https:\/\/aromasysabores.fpymeayp.com\/?page_id=9"},"modified":"2025-01-03T17:13:47","modified_gmt":"2025-01-03T17:13:47","slug":"inicio","status":"publish","type":"page","link":"https:\/\/aromasysabores.fpymeayp.com\/","title":{"rendered":"INICIO"},"content":{"rendered":"<p>[et_pb_section fb_built=\u00bb1&#8243; custom_padding_last_edited=\u00bbon|phone\u00bb admin_label=\u00bbHeader\u00bb _builder_version=\u00bb4.24.0&#8243; _module_preset=\u00bbdefault\u00bb background_color=\u00bb#000000&#8243; background_enable_image=\u00bboff\u00bb background_blend=\u00bbmultiply\u00bb custom_margin_tablet=\u00bb\u00bb custom_margin_phone=\u00bb-39px||||false|false\u00bb custom_margin_last_edited=\u00bbon|phone\u00bb custom_padding=\u00bb16vw||96px||false|false\u00bb custom_padding_tablet=\u00bb8vw||122px||false|false\u00bb custom_padding_phone=\u00bb34vw||122px||false|false\u00bb collapsed=\u00bbon\u00bb global_colors_info=\u00bb{}\u00bb][et_pb_row _builder_version=\u00bb4.24.0&#8243; _module_preset=\u00bbdefault\u00bb width_tablet=\u00bb\u00bb width_phone=\u00bb100%\u00bb width_last_edited=\u00bbon|phone\u00bb max_width_tablet=\u00bb\u00bb max_width_phone=\u00bb2560%\u00bb max_width_last_edited=\u00bbon|phone\u00bb global_colors_info=\u00bb{}\u00bb][et_pb_column type=\u00bb4_4&#8243; _builder_version=\u00bb4.21.0&#8243; _module_preset=\u00bbdefault\u00bb global_colors_info=\u00bb{}\u00bb][et_pb_image src=\u00bbhttps:\/\/aromasysabores.fpymeayp.com\/wp-content\/uploads\/2024\/12\/Logo-Circular-Lena-y-Carbon-Simple-Negro-y-Blanco.png\u00bb title_text=\u00bbLogo Circular Le\u00f1a y Carb\u00f3n Simple Negro y Blanco\u00bb _builder_version=\u00bb4.24.0&#8243; _module_preset=\u00bbdefault\u00bb width=\u00bb49%\u00bb width_tablet=\u00bb49%\u00bb width_phone=\u00bb100%\u00bb width_last_edited=\u00bbon|phone\u00bb module_alignment=\u00bbcenter\u00bb custom_margin=\u00bb-73px||-1px|||\u00bb custom_margin_tablet=\u00bb-73px|||||\u00bb custom_margin_phone=\u00bb-5px||||false|false\u00bb custom_margin_last_edited=\u00bbon|phone\u00bb custom_padding=\u00bb10px|||||\u00bb global_colors_info=\u00bb{}\u00bb][\/et_pb_image][\/et_pb_column][\/et_pb_row][et_pb_row _builder_version=\u00bb4.24.0&#8243; _module_preset=\u00bbdefault\u00bb global_colors_info=\u00bb{}\u00bb][et_pb_column type=\u00bb4_4&#8243; _builder_version=\u00bb4.24.0&#8243; _module_preset=\u00bbdefault\u00bb global_colors_info=\u00bb{}\u00bb][et_pb_text _builder_version=\u00bb4.27.3&#8243; _module_preset=\u00bbdefault\u00bb text_font=\u00bbLibre Baskerville||||||||\u00bb text_text_color=\u00bb#FFFFFF\u00bb text_font_size=\u00bb37px\u00bb text_letter_spacing=\u00bb1px\u00bb text_orientation=\u00bbcenter\u00bb text_font_size_tablet=\u00bb37px\u00bb text_font_size_phone=\u00bb26px\u00bb text_font_size_last_edited=\u00bbon|phone\u00bb global_colors_info=\u00bb{}\u00bb]<\/p>\n<p>Sandwich a la\u00a0carta<\/p>\n<p>[\/et_pb_text][\/et_pb_column][\/et_pb_row][et_pb_row _builder_version=\u00bb4.24.0&#8243; _module_preset=\u00bbdefault\u00bb background_enable_color=\u00bboff\u00bb custom_padding=\u00bb242px||0px||false|false\u00bb global_colors_info=\u00bb{}\u00bb][et_pb_column type=\u00bb4_4&#8243; _builder_version=\u00bb4.24.0&#8243; _module_preset=\u00bbdefault\u00bb global_colors_info=\u00bb{}\u00bb][et_pb_text _builder_version=\u00bb4.27.3&#8243; _module_preset=\u00bbdefault\u00bb text_font=\u00bbLibre Baskerville||||||||\u00bb text_text_color=\u00bb#FFFFFF\u00bb text_font_size=\u00bb28px\u00bb text_orientation=\u00bbcenter\u00bb custom_margin=\u00bb-11px|||||\u00bb text_font_size_tablet=\u00bb28px\u00bb text_font_size_phone=\u00bb24px\u00bb text_font_size_last_edited=\u00bbon|phone\u00bb global_colors_info=\u00bb{}\u00bb]<\/p>\n<p>Aroma y Sabores<\/p>\n<p>[\/et_pb_text][et_pb_text _builder_version=\u00bb4.27.3&#8243; _module_preset=\u00bbdefault\u00bb text_font=\u00bbLibre Baskerville||||||||\u00bb text_text_color=\u00bb#FFFFFF\u00bb text_font_size=\u00bb18px\u00bb text_orientation=\u00bbcenter\u00bb custom_margin=\u00bb||14px|||\u00bb text_font_size_tablet=\u00bb18px\u00bb text_font_size_phone=\u00bb17px\u00bb text_font_size_last_edited=\u00bbon|phone\u00bb global_colors_info=\u00bb{}\u00bb]<\/p>\n<p>+56 9 3679 2829<\/p>\n<p>[\/et_pb_text][et_pb_divider color=\u00bb#FFFFFF\u00bb divider_weight=\u00bb2px\u00bb divider_weight_tablet=\u00bb2px\u00bb divider_weight_phone=\u00bb2px\u00bb divider_weight_last_edited=\u00bbon|phone\u00bb _builder_version=\u00bb4.27.3&#8243; _module_preset=\u00bbdefault\u00bb width=\u00bb16%\u00bb width_tablet=\u00bb16%\u00bb width_phone=\u00bb41%\u00bb width_last_edited=\u00bbon|phone\u00bb module_alignment=\u00bbcenter\u00bb global_colors_info=\u00bb{}\u00bb][\/et_pb_divider][et_pb_text _builder_version=\u00bb4.27.3&#8243; _module_preset=\u00bbdefault\u00bb text_font=\u00bbLibre Baskerville||||||||\u00bb text_text_color=\u00bb#FFFFFF\u00bb text_font_size=\u00bb19px\u00bb text_orientation=\u00bbcenter\u00bb custom_margin=\u00bb-38px|||||\u00bb text_font_size_tablet=\u00bb19px\u00bb text_font_size_phone=\u00bb18px\u00bb text_font_size_last_edited=\u00bbon|phone\u00bb global_colors_info=\u00bb{}\u00bb]<\/p>\n<p><span>Baquedano 579<\/span><\/p>\n<p>[\/et_pb_text][\/et_pb_column][\/et_pb_row][\/et_pb_section][et_pb_section fb_built=\u00bb1&#8243; admin_label=\u00bbMenu\u00bb _builder_version=\u00bb4.24.0&#8243; _module_preset=\u00bbdefault\u00bb background_color=\u00bb#000000&#8243; background_enable_image=\u00bboff\u00bb background_size=\u00bbcustom\u00bb background_image_width=\u00bb0%\u00bb background_image_height=\u00bb0%\u00bb background_repeat=\u00bbround\u00bb background_blend=\u00bbmultiply\u00bb custom_margin=\u00bb0px||||false|false\u00bb custom_padding=\u00bb20px|||||\u00bb border_width_top=\u00bb2px\u00bb collapsed=\u00bbon\u00bb global_colors_info=\u00bb{}\u00bb][et_pb_row _builder_version=\u00bb4.27.3&#8243; _module_preset=\u00bbdefault\u00bb width_tablet=\u00bb\u00bb width_phone=\u00bb73%\u00bb width_last_edited=\u00bbon|phone\u00bb custom_margin=\u00bb5px|auto||auto|false|false\u00bb custom_margin_tablet=\u00bb165px|auto||auto||\u00bb custom_margin_phone=\u00bb-2px|auto||auto|false|false\u00bb custom_margin_last_edited=\u00bbon|phone\u00bb custom_padding=\u00bb6px||7px|||\u00bb global_colors_info=\u00bb{}\u00bb][et_pb_column type=\u00bb4_4&#8243; _builder_version=\u00bb4.21.0&#8243; _module_preset=\u00bbdefault\u00bb global_colors_info=\u00bb{}\u00bb][et_pb_image src=\u00bbhttps:\/\/aromasysabores.fpymeayp.com\/wp-content\/uploads\/2024\/12\/Logo-Circular-Lena-y-Carbon-Simple-Negro-y-Blanco.png\u00bb title_text=\u00bbLogo-Circular-Lena-y-Carbon-Simple-Negro-y-Blanco\u00bb align=\u00bbcenter\u00bb _builder_version=\u00bb4.27.3&#8243; _module_preset=\u00bbdefault\u00bb width=\u00bb24%\u00bb width_tablet=\u00bb24%\u00bb width_phone=\u00bb80%\u00bb width_last_edited=\u00bbon|phone\u00bb global_colors_info=\u00bb{}\u00bb][\/et_pb_image][\/et_pb_column][\/et_pb_row][et_pb_row _builder_version=\u00bb4.24.0&#8243; _module_preset=\u00bbdefault\u00bb global_colors_info=\u00bb{}\u00bb][et_pb_column type=\u00bb4_4&#8243; _builder_version=\u00bb4.24.0&#8243; _module_preset=\u00bbdefault\u00bb global_colors_info=\u00bb{}\u00bb][et_pb_toggle title=\u00bbSANDWICH DE ESPECIALIDAD\u00bb open_toggle_text_color=\u00bb#000000&#8243; _builder_version=\u00bb4.24.0&#8243; _module_preset=\u00bbdefault\u00bb title_text_color=\u00bb#000000&#8243; title_font=\u00bb|700|||||||\u00bb global_colors_info=\u00bb{}\u00bb]<\/p>\n<p><em><strong>1.-LOMO SALTEADO $ 6.000<\/strong><\/em><br \/>cortes de lomo flameados con cebolla, tomate, servidos junto a crocantes papas fritas.<\/p>\n<p><em><strong>2- TORTUGA $ 3.500<\/strong><\/em><br \/>Vienesa, tomate, palta y mayo.<\/p>\n<p><em><strong>3.- BARROS JARPA $ 4.000<\/strong><\/em><br \/>Jam\u00f3n y Queso Derretido.<\/p>\n<p><em><strong>4.- DIPUTADO $ 4.000<\/strong><\/em><br \/>Carne y Huevo Frito.<\/p>\n<p><em><strong>5.- AVE MAYO $ 4.000<\/strong><\/em><br \/>Filete de Pollo con Mayo Casera.<\/p>\n<p><em><strong>6.- AVE PAPA $ 8.000<\/strong><\/em><br \/>Filete de Pollo, con Tomate, Palta, Papas Fritas o Papa Hilo, Mayo Casera.<\/p>\n<p><strong><em>7.- AVE MAXIMA $6.000<\/em><\/strong><br \/>Filete de Pollo, Tomate, Palta, Papas Fritas o Hilo, Queso y Mayo Casera.<\/p>\n<p><em><strong>8.- CHURRASCO COMPLETO $ 5.000<\/strong><\/em><br \/>Corte de Carne Asiento, Tomate, Palta, Chucrut y Mayo Casera.<\/p>\n<p><em><strong>9.- CHURRASCO ITALIANO $ 4.500<\/strong><\/em><br \/>Corte de Carne Asiento, Tomate, Palta y Mayo Casera.<\/p>\n<p><em><strong>10.- CHURRASCO PAPA $ 5.000<\/strong><\/em><br \/>Corte de Carne Asiento, Tomate, Palta, Papa Fritas o Hilo y Mayo Casera.<\/p>\n<p><em><strong>11.- CHACARERO $ 6.000<\/strong><\/em><br \/>Corte de Carne Asiento, Tomate, Poroto Verde, Aj\u00ed Verde, Palta y Mayo Casera.<\/p>\n<p><em><strong>12.- CHURRASCO BRASILE\u00d1O $ 5.000<\/strong><\/em><br \/>Corte de Carne Asiento, Palta y Queso Fundido.<\/p>\n<p><em><strong>13.- CHURRASCO A LO POBRE $ 6.000<\/strong><\/em><br \/>Corte de Carne Asiento, Cebolla Frita, Papa Frita o Hilo y Huevo Frito.<\/p>\n<p><em><strong>14.- BARROS LUCO $ 4.500<\/strong><\/em><br \/>Corte de Carne Asiento y Queso Fundido.<\/p>\n<p><em><strong>15.- HAMBURGUESA COMPLETAS $ 4.500<\/strong><\/em><br \/>Carne de Carne Asiento Molida 150gr, Tomate, Palta, Chucrut y Mayo Casera.<\/p>\n<p><strong><em>16.- HAMBUERGUESA ITALIANA $ 4.000<\/em><br \/><\/strong>Corte de Carne Asiento Molida 150gr, Tomate, Palta y Mayo Casera.<strong><br \/><\/strong><\/p>\n<p><em><strong>17.- HAMBURGUESA LUCO $ 4500<\/strong><\/em><br \/>Corte de Carne Asiento Molida 150gr, Queso Fundido.<\/p>\n<p><em><strong>18.- HAMBURGUESA PAPA<\/strong><\/em><br \/>Corte de Carne Asiento Molida 150gr, Tomate, Palta, Papa Frita o Hilo y Mayo Casera.<\/p>\n<p><em><strong>19.- HAMBURGUESA CHACARERA $ 5.000<\/strong><\/em><br \/>Corte de Carne Asiento Molida 150gr, Tomate, Palta, Poroto Verde, Aj\u00ed Verde y Mayo Casera.<\/p>\n<p><em><strong>20.- SANDWICHS SUPER GOOD $ 6.000<\/strong><\/em><br \/>Corte de Carne Asiento, 2 Cortes de Jam\u00f3n, Queso Fundido, 2 Huevos Fritos, Tomate, Palta, Papas Hilo y Mayo Casera.<\/p>\n<p><strong>\u00a0<\/strong><strong><\/strong><strong><\/strong><\/p>\n<p>[\/et_pb_toggle][et_pb_toggle title=\u00bbCOMPLETOS\u00bb open_toggle_text_color=\u00bb#000000&#8243; _builder_version=\u00bb4.24.0&#8243; _module_preset=\u00bbdefault\u00bb title_text_color=\u00bb#000000&#8243; title_font=\u00bb|700|||||||\u00bb global_colors_info=\u00bb{}\u00bb]<\/p>\n<p><em><strong>1.- COMPLETO MEDIANO $ 2.000<\/strong><\/em><br \/>Vienesa, Tomate, Palta, Chukrut y Mayo Casera.<\/p>\n<p><em><strong>2.- COMPLETO ITALIANO $ 1.800<\/strong><\/em><br \/>Vienesa, Tomate, Palta y Mayo Casera.<\/p>\n<p><em><strong>3.- COMPLETO PAPA $ 3.000<\/strong><\/em><br \/>Vienesa, Tomate, Palta, Papa Frita o Hilo y Mayo Casera.<\/p>\n<p>[\/et_pb_toggle][et_pb_toggle title=\u00bbCOMPLETOS XL\u00bb open_toggle_text_color=\u00bb#000000&#8243; _builder_version=\u00bb4.24.0&#8243; _module_preset=\u00bbdefault\u00bb title_text_color=\u00bb#000000&#8243; title_font=\u00bb|700|||||||\u00bb global_colors_info=\u00bb{}\u00bb]<\/p>\n<p><strong>1.- COMPLETO XL PAN DE 25cm $ 3.500<\/strong><br \/>1 Vienesa 1\/2, Tomate, Palta, Chukrut y Mayo Casera.<\/p>\n<p><strong>2.- COMPLETO ITALIANO XL PAN DE 25cm $ 2.500<\/strong><br \/>1 Vienesa 1\/2, Tomate, Palta y Mayo Casera.<\/p>\n<p>[\/et_pb_toggle][et_pb_toggle title=\u00bbPROMOCIONES\u00bb open_toggle_text_color=\u00bb#000000&#8243; _builder_version=\u00bb4.24.0&#8243; _module_preset=\u00bbdefault\u00bb title_text_color=\u00bb#000000&#8243; title_font=\u00bb|700|||||||\u00bb global_colors_info=\u00bb{}\u00bb]<\/p>\n<p>1.-SANDWICHS <br \/>2.-COMPLETOS<\/p>\n<p>GRATIS UN VASO DE BEBIDA O TE<\/p>\n<p>[\/et_pb_toggle][et_pb_toggle title=\u00bbJUGOS\u00bb open_toggle_text_color=\u00bb#000000&#8243; _builder_version=\u00bb4.24.0&#8243; _module_preset=\u00bbdefault\u00bb title_text_color=\u00bb#000000&#8243; title_font=\u00bb|700|||||||\u00bb global_colors_info=\u00bb{}\u00bb]<\/p>\n<div><em><strong>AGUA $ 3.500 \u00a0 \u00a0<\/strong><\/em><span> <\/span><\/div>\n<div><em>LECHE $ 4.000<\/em><\/div>\n<div><\/div>\n<div><em><strong>1.- Mango<\/strong><\/em><span> <\/span><\/div>\n<div>&#8211; Mango Leche<\/div>\n<div>&#8211; Mango Alegre<span> <\/span><\/div>\n<div>&#8211; Mango Guayaba<\/div>\n<div><\/div>\n<div><em><strong>2.- Pi\u00f1a<\/strong><\/em><\/div>\n<div><span> <\/span><\/div>\n<div><em><strong>3.- Maracuy\u00e1<\/strong><\/em><span> <\/span><\/div>\n<div>&#8211; Maracuy\u00e1 Leche<\/div>\n<div><\/div>\n<div><strong><em>4.- Frutilla<\/em><\/strong><span> <\/span><\/div>\n<div>&#8211; Frutilla Leche<\/div>\n<div><\/div>\n<div><em><strong>5.- Papaya<\/strong><\/em><span> <\/span><\/div>\n<div>&#8211; Papaya Leche<\/div>\n<div><\/div>\n<div><em><strong>6.- Pl\u00e1tano<\/strong><\/em><span> <\/span><\/div>\n<div>&#8211; Pl\u00e1tano con Leche<\/div>\n<div><\/div>\n<div><em><strong>7.- Mel\u00f3n<\/strong><\/em><\/div>\n<div><\/div>\n<div><em><strong>8.- Sandia<\/strong><\/em><\/div>\n<div><\/div>\n<div><strong><em>9.- Guayaba<\/em><\/strong><span> <\/span><\/div>\n<div>&#8211; Guayaba Leche<\/div>\n<div><\/div>\n<div><em><strong>10.- Durazno<\/strong><\/em><span> <\/span><\/div>\n<div>&#8211; Durazno Leche<\/div>\n<div><\/div>\n<div><em><strong>11.- Naranja<\/strong><\/em><\/div>\n<div><\/div>\n<div><em><strong>12.- Limonada<\/strong><\/em><\/div>\n<div><\/div>\n<div><em><strong>13.-Vitam\u00ednico<\/strong><\/em><\/div>\n<p>[\/et_pb_toggle][et_pb_toggle title=\u00bbBEBIDAS\u00bb open_toggle_text_color=\u00bb#000000&#8243; _builder_version=\u00bb4.24.0&#8243; _module_preset=\u00bbdefault\u00bb title_text_color=\u00bb#000000&#8243; title_font=\u00bb|700|||||||\u00bb global_colors_info=\u00bb{}\u00bb]<\/p>\n<p><strong><em>\u00a0Coca Cola Normal o Express $ 1.000<\/em><\/strong><br \/><strong><em>Fanta Normal o Express $ 1.000<\/em><\/strong><br \/><strong><em>Sprite Normal o Express $ 1.000<\/em><\/strong><br \/><strong><em>Inka Kola Normal o Express $ 1.000<\/em><\/strong><\/p>\n<p>[\/et_pb_toggle][et_pb_toggle title=\u00bbBEBIDAS DE MEDIO LITRO\u00bb open_toggle_text_color=\u00bb#000000&#8243; _builder_version=\u00bb4.24.0&#8243; _module_preset=\u00bbdefault\u00bb title_text_color=\u00bb#000000&#8243; title_font=\u00bb|700|||||||\u00bb global_colors_info=\u00bb{}\u00bb]<\/p>\n<p><strong><em> Coca Cola Normal o Express $ 1.500<br \/>Fanta Normal o Express $ 1.500<br \/>Sprite Normal o Express $ 1.500<br \/>Inka Kola Normal o Express $ 1.500<\/em><\/strong><\/p>\n<p>[\/et_pb_toggle][et_pb_toggle title=\u00bbBEBIDAS 1LT\u00bb open_toggle_text_color=\u00bb#000000&#8243; _builder_version=\u00bb4.24.0&#8243; _module_preset=\u00bbdefault\u00bb title_text_color=\u00bb#000000&#8243; title_font=\u00bb|700|||||||\u00bb global_colors_info=\u00bb{}\u00bb]<\/p>\n<p><em><strong>1.- Coca Cola Normal o Express $ 2.000.<\/strong><\/em><br \/><em><strong>2.- Fanta Normal o Express $ 2.000.<\/strong><\/em><br \/><em><strong>3.- Sprite Normal o Express $ 2.000.<\/strong><\/em><br \/><em><strong>4.- Inka Kola Normal o Express $ 2.000.<\/strong><\/em><\/p>\n<p><em><strong>VASO DE BEBIDA $ 500<\/strong><\/em><\/p>\n<p>[\/et_pb_toggle][et_pb_toggle title=\u00bbT\u00c9 O CAFE\u00bb open_toggle_text_color=\u00bb#000000&#8243; _builder_version=\u00bb4.24.0&#8243; _module_preset=\u00bbdefault\u00bb title_text_color=\u00bb#000000&#8243; title_font=\u00bb|700|||||||\u00bb global_colors_info=\u00bb{}\u00bb]<\/p>\n<p><em><strong>1.- Te de hoja $ 700.<\/strong><\/em><br \/><em><strong>2.- Te con leche $ 1.000.<\/strong><\/em><br \/><em><strong>3.- Caf\u00e9 $ 1.000.<\/strong><\/em><br \/><em><strong>4.- Caf\u00e9 con leche $ 1.500.<\/strong><\/em><\/p>\n<p>[\/et_pb_toggle][et_pb_toggle title=\u00bbEXTRAS\u00bb open_toggle_text_color=\u00bb#000000&#8243; _builder_version=\u00bb4.24.0&#8243; _module_preset=\u00bbdefault\u00bb title_text_color=\u00bb#000000&#8243; title_font=\u00bb|700|||||||\u00bb global_colors_info=\u00bb{}\u00bb]<\/p>\n<p><em><strong>.- Papas fritas chicas $ 3.500.\u00a0<\/strong><\/em><br \/><em><strong>.- Papas fritas grandes $ 4.000.<\/strong><\/em><br \/><em><strong>.- Salchipapa chica $ 3.500.<\/strong><\/em><br \/><em><strong>.- Salchipapas grandes $ 4.500.<\/strong><\/em><br \/><em><strong>.- Pichangas chica $ 4.500.<\/strong><\/em><br \/><em><strong>.- Pinchanga grande $ 7.500.<\/strong><\/em><\/p>\n<p>[\/et_pb_toggle][\/et_pb_column][\/et_pb_row][\/et_pb_section][et_pb_section fb_built=\u00bb1&#8243; make_equal=\u00bbon\u00bb use_custom_gutter=\u00bbon\u00bb gutter_width=\u00bb1&#8243; specialty=\u00bbon\u00bb bg_img_2=\u00bbhttps:\/\/aromasysabores.fpymeayp.com\/wp-content\/uploads\/2024\/12\/Imagen-de-WhatsApp-2024-12-16-a-las-21.59.45_bb63052f.jpg\u00bb admin_label=\u00bbServices\u00bb _builder_version=\u00bb4.24.0&#8243; _module_preset=\u00bbdefault\u00bb custom_padding=\u00bb41px|||||\u00bb collapsed=\u00bbon\u00bb global_colors_info=\u00bb{}\u00bb][et_pb_column type=\u00bb2_3&#8243; specialty_columns=\u00bb2&#8243; _builder_version=\u00bb4.16&#8243; _module_preset=\u00bbdefault\u00bb custom_padding=\u00bb|||\u00bb global_colors_info=\u00bb{}\u00bb custom_padding__hover=\u00bb|||\u00bb][et_pb_row_inner column_structure=\u00bb1_2,1_2&#8243; use_custom_gutter=\u00bbon\u00bb gutter_width=\u00bb1&#8243; make_equal=\u00bbon\u00bb _builder_version=\u00bb4.24.0&#8243; _module_preset=\u00bbdefault\u00bb width_tablet=\u00bb\u00bb width_phone=\u00bb\u00bb width_last_edited=\u00bbon|phone\u00bb custom_padding=\u00bb0px||0px||true|false\u00bb border_width_all=\u00bb10px\u00bb border_color_all=\u00bb#FFFFFF\u00bb border_width_top=\u00bb0px\u00bb border_width_left=\u00bb0px\u00bb border_width_right_tablet=\u00bb0px\u00bb border_width_right_phone=\u00bb0px\u00bb border_width_right_last_edited=\u00bbon|tablet\u00bb global_colors_info=\u00bb{}\u00bb][et_pb_column_inner type=\u00bb1_2&#8243; saved_specialty_column_type=\u00bb2_3&#8243; _builder_version=\u00bb4.24.0&#8243; _module_preset=\u00bbdefault\u00bb border_color_all=\u00bb#FFFFFF\u00bb border_width_right=\u00bb5px\u00bb border_width_right_tablet=\u00bb0px\u00bb border_width_right_phone=\u00bb0px\u00bb border_width_right_last_edited=\u00bbon|tablet\u00bb border_width_bottom_tablet=\u00bb10px\u00bb border_width_bottom_phone=\u00bb10px\u00bb border_width_bottom_last_edited=\u00bbon|tablet\u00bb global_colors_info=\u00bb{}\u00bb][et_pb_image src=\u00bbhttps:\/\/aromasysabores.fpymeayp.com\/wp-content\/uploads\/2024\/12\/Imagen-de-WhatsApp-2024-12-16-a-las-21.59.41_782a6182.jpg\u00bb title_text=\u00bbImagen de WhatsApp 2024-12-16 a las 21.59.41_782a6182&#8243; _builder_version=\u00bb4.24.0&#8243; _module_preset=\u00bbdefault\u00bb global_colors_info=\u00bb{}\u00bb][\/et_pb_image][\/et_pb_column_inner][et_pb_column_inner type=\u00bb1_2&#8243; saved_specialty_column_type=\u00bb2_3&#8243; _builder_version=\u00bb4.21.0&#8243; _module_preset=\u00bbdefault\u00bb border_color_all=\u00bb#FFFFFF\u00bb border_width_left=\u00bb5px\u00bb border_width_left_tablet=\u00bb0px\u00bb border_width_left_phone=\u00bb0px\u00bb border_width_left_last_edited=\u00bbon|tablet\u00bb global_colors_info=\u00bb{}\u00bb][et_pb_image src=\u00bbhttps:\/\/aromasysabores.fpymeayp.com\/wp-content\/uploads\/2024\/12\/Imagen-de-WhatsApp-2024-12-16-a-las-21.59.41_298e0bf6.jpg\u00bb title_text=\u00bbImagen de WhatsApp 2024-12-16 a las 21.59.41_298e0bf6&#8243; _builder_version=\u00bb4.24.0&#8243; _module_preset=\u00bbdefault\u00bb locked=\u00bboff\u00bb global_colors_info=\u00bb{}\u00bb][\/et_pb_image][\/et_pb_column_inner][\/et_pb_row_inner][et_pb_row_inner column_structure=\u00bb1_2,1_2&#8243; use_custom_gutter=\u00bbon\u00bb gutter_width=\u00bb1&#8243; make_equal=\u00bbon\u00bb _builder_version=\u00bb4.24.0&#8243; _module_preset=\u00bbdefault\u00bb custom_margin=\u00bb9px|||||\u00bb custom_padding=\u00bb4px||4px||true|false\u00bb border_color_all=\u00bb#FFFFFF\u00bb border_width_right=\u00bb10px\u00bb border_width_all_tablet=\u00bb\u00bb border_width_all_phone=\u00bb\u00bb border_width_all_last_edited=\u00bbon|desktop\u00bb border_width_right_tablet=\u00bb0px\u00bb border_width_right_phone=\u00bb0px\u00bb border_width_right_last_edited=\u00bbon|tablet\u00bb global_colors_info=\u00bb{}\u00bb][et_pb_column_inner type=\u00bb1_2&#8243; saved_specialty_column_type=\u00bb2_3&#8243; _builder_version=\u00bb4.24.0&#8243; _module_preset=\u00bbdefault\u00bb background_color=\u00bb#6b6b6b\u00bb background_image=\u00bbhttps:\/\/aromasysabores.fpymeayp.com\/wp-content\/uploads\/2024\/12\/Imagen-de-WhatsApp-2024-12-16-a-las-21.59.41_66655fc3.jpg\u00bb background_blend=\u00bbmultiply\u00bb custom_padding=\u00bb30px|30px|30px|30px|true|true\u00bb custom_padding_tablet=\u00bb30px|30px|30px|30px|true|true\u00bb custom_padding_phone=\u00bb20px|20px|20px|20px|true|true\u00bb custom_padding_last_edited=\u00bbon|desktop\u00bb border_color_all=\u00bb#FFFFFF\u00bb border_width_right=\u00bb5px\u00bb border_width_right_tablet=\u00bb0px\u00bb border_width_right_phone=\u00bb0px\u00bb border_width_right_last_edited=\u00bbon|tablet\u00bb border_width_bottom_tablet=\u00bb10px\u00bb border_width_bottom_phone=\u00bb10px\u00bb border_width_bottom_last_edited=\u00bbon|tablet\u00bb global_colors_info=\u00bb{}\u00bb][et_pb_text _builder_version=\u00bb4.27.3&#8243; _module_preset=\u00bbdefault\u00bb text_text_color=\u00bb#FFFFFF\u00bb custom_margin=\u00bb||11px|||\u00bb custom_padding=\u00bb||45px|||\u00bb global_colors_info=\u00bb{}\u00bb]<\/p>\n<p><span>En la sandwicher\u00eda Aroma y Sabores te ofrecemos una deliciosa selecci\u00f3n de s\u00e1ndwiches preparados al momento. Acomp\u00e1\u00f1alos con nuestras bebidas, t\u00e9 o jugos naturales elaborados con ingredientes 100% frescos. \u00a1Ven y disfruta de una experiencia llena de sabor!<\/span><\/p>\n<p>[\/et_pb_text][et_pb_button button_text=\u00bbContactar\u00bb _builder_version=\u00bb4.27.3&#8243; _module_preset=\u00bbdefault\u00bb custom_button=\u00bbon\u00bb button_text_color=\u00bb#FFFFFF\u00bb button_bg_color=\u00bb#E02B20&#8243; button_border_color=\u00bb#E02B20&#8243; hover_enabled=\u00bb0&#8243; global_colors_info=\u00bb{}\u00bb button_url=\u00bbhttps:\/\/wa.me\/+56936792829?text=Hola%20quiero%20m\u00e1s%20informaci\u00f3n%20&#8243; sticky_enabled=\u00bb0&#8243;][\/et_pb_button][\/et_pb_column_inner][et_pb_column_inner type=\u00bb1_2&#8243; saved_specialty_column_type=\u00bb2_3&#8243; _builder_version=\u00bb4.24.0&#8243; _module_preset=\u00bbdefault\u00bb background_image=\u00bbhttps:\/\/aromasysabores.fpymeayp.com\/wp-content\/uploads\/2024\/12\/Imagen-de-WhatsApp-2024-12-16-a-las-21.59.43_562240fa.jpg\u00bb border_color_all=\u00bb#FFFFFF\u00bb border_width_left=\u00bb5px\u00bb border_width_bottom_tablet=\u00bb10px\u00bb border_width_bottom_phone=\u00bb10px\u00bb border_width_bottom_last_edited=\u00bbon|tablet\u00bb border_width_left_tablet=\u00bb0px\u00bb border_width_left_phone=\u00bb0px\u00bb border_width_left_last_edited=\u00bbon|tablet\u00bb global_colors_info=\u00bb{%22gcid-9c2b1d03-730f-4a4a-96c1-7a483c6994a2%22:%91%22background_color%22%93}\u00bb][et_pb_divider show_divider=\u00bboff\u00bb _builder_version=\u00bb4.24.0&#8243; _module_preset=\u00bbdefault\u00bb height_tablet=\u00bb64vw\u00bb height_phone=\u00bb64vw\u00bb height_last_edited=\u00bbon|desktop\u00bb locked=\u00bboff\u00bb global_colors_info=\u00bb{}\u00bb][\/et_pb_divider][\/et_pb_column_inner][\/et_pb_row_inner][\/et_pb_column][et_pb_column type=\u00bb1_3&#8243; _builder_version=\u00bb4.16&#8243; _module_preset=\u00bbdefault\u00bb custom_padding=\u00bb|||\u00bb global_colors_info=\u00bb{}\u00bb custom_padding__hover=\u00bb|||\u00bb][et_pb_image _builder_version=\u00bb4.24.0&#8243; _module_preset=\u00bbdefault\u00bb global_colors_info=\u00bb{}\u00bb][\/et_pb_image][\/et_pb_column][\/et_pb_section]<\/p>\n","protected":false},"excerpt":{"rendered":"<p>Sandwich a la\u00a0cartaAroma y Sabores+56 9 3679 2829Baquedano 5791.-LOMO SALTEADO $ 6.000cortes de lomo flameados con cebolla, tomate, servidos junto a crocantes papas fritas. 2- TORTUGA $ 3.500Vienesa, tomate, palta y mayo. 3.- BARROS JARPA $ 4.000Jam\u00f3n y Queso Derretido. 4.- DIPUTADO $ 4.000Carne y Huevo Frito. 5.- AVE MAYO $ 4.000Filete de Pollo con [&hellip;]<\/p>\n","protected":false},"author":1,"featured_media":0,"parent":0,"menu_order":0,"comment_status":"closed","ping_status":"closed","template":"","meta":{"_et_pb_use_builder":"on","_et_pb_old_content":"","_et_gb_content_width":"","footnotes":""},"class_list":["post-9","page","type-page","status-publish","hentry"],"_links":{"self":[{"href":"https:\/\/aromasysabores.fpymeayp.com\/index.php\/wp-json\/wp\/v2\/pages\/9","targetHints":{"allow":["GET"]}}],"collection":[{"href":"https:\/\/aromasysabores.fpymeayp.com\/index.php\/wp-json\/wp\/v2\/pages"}],"about":[{"href":"https:\/\/aromasysabores.fpymeayp.com\/index.php\/wp-json\/wp\/v2\/types\/page"}],"author":[{"embeddable":true,"href":"https:\/\/aromasysabores.fpymeayp.com\/index.php\/wp-json\/wp\/v2\/users\/1"}],"replies":[{"embeddable":true,"href":"https:\/\/aromasysabores.fpymeayp.com\/index.php\/wp-json\/wp\/v2\/comments?post=9"}],"version-history":[{"count":16,"href":"https:\/\/aromasysabores.fpymeayp.com\/index.php\/wp-json\/wp\/v2\/pages\/9\/revisions"}],"predecessor-version":[{"id":62,"href":"https:\/\/aromasysabores.fpymeayp.com\/index.php\/wp-json\/wp\/v2\/pages\/9\/revisions\/62"}],"wp:attachment":[{"href":"https:\/\/aromasysabores.fpymeayp.com\/index.php\/wp-json\/wp\/v2\/media?parent=9"}],"curies":[{"name":"wp","href":"https:\/\/api.w.org\/{rel}","templated":true}]}}